{"id":1054,"date":"2016-08-15T20:33:00","date_gmt":"2016-08-15T20:33:00","guid":{"rendered":"http:\/\/timss2015.org\/encyclopedia\/countries\/spain\/suggested-readings\/"},"modified":"2016-09-29T17:21:05","modified_gmt":"2016-09-29T17:21:05","slug":"suggested-readings","status":"publish","type":"page","link":"http:\/\/timss2015.org\/encyclopedia\/countries\/spain\/suggested-readings\/","title":{"rendered":"Suggested Readings"},"content":{"rendered":"<div class=\"carouselwrap\"><div id=\"menu-spain\" class=\"carouselmenu\"><a href=\"http:\/\/timss2015.org\/encyclopedia\/countries\/spain\/\" class=\"menu-link main-menu-link menu-item menu-item-type-custom menu-item-object-custom\"><span>Introduction<\/span><\/a><\/li>\n<a href=\"http:\/\/timss2015.org\/encyclopedia\/countries\/spain\/the-mathematics-curriculum-in-primary-and-lower-secondary-grades\/\" class=\"menu-link main-menu-link menu-item menu-item-type-custom menu-item-object-custom\"><span>The Mathematics Curriculum in Primary and Lower Secondary Grades<\/span><\/a><\/li>\n<a href=\"http:\/\/timss2015.org\/encyclopedia\/countries\/spain\/the-science-curriculum-in-primary-and-lower-secondary-grades\/\" class=\"menu-link main-menu-link menu-item menu-item-type-custom menu-item-object-custom\"><span>The Science Curriculum in Primary and Lower Secondary Grades<\/span><\/a><\/li>\n<a href=\"http:\/\/timss2015.org\/encyclopedia\/countries\/spain\/teachers-teacher-education-and-professional-development\/\" class=\"menu-link main-menu-link menu-item menu-item-type-custom menu-item-object-custom\"><span>Teachers, Teacher Education, and Professional Development<\/span><\/a><\/li>\n<a href=\"http:\/\/timss2015.org\/encyclopedia\/countries\/spain\/instruction-for-mathematics-and-science-in-primary-and-lower-secondary-grades\/\" class=\"menu-link main-menu-link menu-item menu-item-type-custom menu-item-object-custom\"><span>Instruction for Mathematics and Science in Primary and Lower Secondary Grades<\/span><\/a><\/li>\n<a href=\"http:\/\/timss2015.org\/encyclopedia\/countries\/spain\/monitoring-student-progress-in-mathematics-and-science\/\" class=\"menu-link main-menu-link menu-item menu-item-type-custom menu-item-object-custom\"><span>Monitoring Student Progress in Mathematics and Science<\/span><\/a><\/li>\n<a href=\"http:\/\/timss2015.org\/encyclopedia\/countries\/spain\/special-initiatives-in-mathematics-and-science-education\/\" class=\"menu-link main-menu-link menu-item menu-item-type-custom menu-item-object-custom\"><span>Special Initiatives in Mathematics and Science Education<\/span><\/a><\/li>\n<a href=\"http:\/\/timss2015.org\/encyclopedia\/countries\/spain\/use-and-impact-of-timss\/\" class=\"menu-link main-menu-link menu-item menu-item-type-custom menu-item-object-custom\"><span>Use and Impact of TIMSS<\/span><\/a><\/li>\n<a href=\"http:\/\/timss2015.org\/encyclopedia\/countries\/spain\/suggested-readings\/\" class=\"menu-link main-menu-link menu-item menu-item-type-custom menu-item-object-custom\"><span>Suggested Readings<\/span><\/a><\/li>\n<a href=\"http:\/\/timss2015.org\/encyclopedia\/countries\/spain\/references\/\" class=\"menu-link main-menu-link menu-item menu-item-type-custom menu-item-object-custom\"><span>References<\/span><\/a><\/li>\n<\/div><\/div>\t<style>\n\t\t.carouselwrap{\n\t\t\tbackground: #e5eaef;\n\t\t}\t\t\n\t\t.owl-item a{\n\t\t\tbackground: #ffffff;\n\t\t\tborder: 4px #00b2cc solid;\n\t\t\tcolor: #000000;\n\t\t}\t\t\n\t\t.owl-item a:hover,\n\t\t.owl-item a:focus,\n\t\t.owl-item a.current-menu-item{\n\t\t\tbackground: #00667f;\n\t\t\tborder: 4px #00b2cc solid;\n\t\t\t\n\t\t\tcolor: #ffffff;\n\t\t}\n\t<\/style>\n\t\n<h2>Suggested Readings<\/h2>\n<p>Chamorro, M.C. (Ed.). (2003). <em>Did\u00e1ctica de las matem\u00e1ticas en educaci\u00f3n primaria <\/em>[Teaching Mathematics in Primary Education]. Pearson Prentice Hall, Madrid.<\/p>\n<p>Go\u00f1i, J. M\u00aa. (Ed.). (2011). <em>Matem\u00e1ticas: Complementos de formaci\u00f3n disciplinar, 1<\/em>\u00a0 [Mathematics: Supplementary subject training]. Barcelona: Editorial GRA\u00d3.<\/p>\n<p>Go\u00f1i, J. M\u00aa. (Ed.). (2011). <em>Did\u00e1ctica de las matem\u00e1ticas, 1<\/em>\u00a0[Teaching Mathematics]. Barcelona: Editorial GRA\u00d3.<\/p>\n<p>Go\u00f1i, J.M\u00aa. (2011). <em>Matem\u00e1ticas: Investigaci\u00f3n, innovaci\u00f3n y buenas pr\u00e1cticas, 3<\/em>\u00a0[Mathematics: Research, innovation, and good practices]. Barcelona: Editorial GRA\u00d3.<\/p>\n<p>Segovia, I. &amp; Rico, L. (Eds.). (2011). <em>Matem\u00e1ticas para maestros de educaci\u00f3n primaria<\/em> [Mathematics for primary education teachers]. Madrid: Ediciones Pir\u00e1mide.<\/p>\n","protected":false},"excerpt":{"rendered":"<p>Suggested Readings Chamorro, M.C. (Ed.). (2003). Did\u00e1ctica de las matem\u00e1ticas en educaci\u00f3n primaria [Teaching Mathematics in Primary Education]. Pearson Prentice Hall, Madrid. Go\u00f1i, J. M\u00aa. (Ed.). (2011). Matem\u00e1ticas: Complementos de formaci\u00f3n disciplinar, 1\u00a0 [Mathematics: Supplementary subject training]. Barcelona: Editorial GRA\u00d3. &hellip; <a href=\"http:\/\/timss2015.org\/encyclopedia\/countries\/spain\/suggested-readings\/\">Continued<\/a><\/p>\n","protected":false},"author":1,"featured_media":0,"parent":172,"menu_order":7,"comment_status":"closed","ping_status":"closed","template":"","meta":{"footnotes":""},"class_list":["post-1054","page","type-page","status-publish","hentry"],"_links":{"self":[{"href":"http:\/\/timss2015.org\/encyclopedia\/wp-json\/wp\/v2\/pages\/1054","targetHints":{"allow":["GET"]}}],"collection":[{"href":"http:\/\/timss2015.org\/encyclopedia\/wp-json\/wp\/v2\/pages"}],"about":[{"href":"http:\/\/timss2015.org\/encyclopedia\/wp-json\/wp\/v2\/types\/page"}],"author":[{"embeddable":true,"href":"http:\/\/timss2015.org\/encyclopedia\/wp-json\/wp\/v2\/users\/1"}],"replies":[{"embeddable":true,"href":"http:\/\/timss2015.org\/encyclopedia\/wp-json\/wp\/v2\/comments?post=1054"}],"version-history":[{"count":10,"href":"http:\/\/timss2015.org\/encyclopedia\/wp-json\/wp\/v2\/pages\/1054\/revisions"}],"predecessor-version":[{"id":6635,"href":"http:\/\/timss2015.org\/encyclopedia\/wp-json\/wp\/v2\/pages\/1054\/revisions\/6635"}],"up":[{"embeddable":true,"href":"http:\/\/timss2015.org\/encyclopedia\/wp-json\/wp\/v2\/pages\/172"}],"wp:attachment":[{"href":"http:\/\/timss2015.org\/encyclopedia\/wp-json\/wp\/v2\/media?parent=1054"}],"curies":[{"name":"wp","href":"https:\/\/api.w.org\/{rel}","templated":true}]}}