{"id":1110,"date":"2016-08-15T20:33:01","date_gmt":"2016-08-15T20:33:01","guid":{"rendered":"http:\/\/timss2015.org\/encyclopedia\/benchmarking-participants\/ontario-canada\/the-mathematics-curriculum-in-primary-and-lower-secondary-grades\/"},"modified":"2016-09-09T20:49:59","modified_gmt":"2016-09-09T20:49:59","slug":"the-mathematics-curriculum-in-primary-and-lower-secondary-grades","status":"publish","type":"page","link":"http:\/\/timss2015.org\/encyclopedia\/benchmarking-participants\/ontario-canada\/the-mathematics-curriculum-in-primary-and-lower-secondary-grades\/","title":{"rendered":"The Mathematics Curriculum in Primary and Lower Secondary Grades"},"content":{"rendered":"<div class=\"carouselwrap\"><div id=\"menu-ontario-canada\" class=\"carouselmenu\"><a href=\"http:\/\/timss2015.org\/encyclopedia\/benchmarking-participants\/ontario-canada\/\" class=\"menu-link main-menu-link menu-item menu-item-type-custom menu-item-object-custom\"><span>Introduction<\/span><\/a><\/li>\n<a href=\"http:\/\/timss2015.org\/encyclopedia\/benchmarking-participants\/ontario-canada\/the-mathematics-curriculum-in-primary-and-lower-secondary-grades\/\" class=\"menu-link main-menu-link menu-item menu-item-type-custom menu-item-object-custom\"><span>The Mathematics Curriculum in Primary and Lower Secondary Grades<\/span><\/a><\/li>\n<a href=\"http:\/\/timss2015.org\/encyclopedia\/benchmarking-participants\/ontario-canada\/the-science-curriculum-in-primary-and-lower-secondary-grades\/\" class=\"menu-link main-menu-link menu-item menu-item-type-custom menu-item-object-custom\"><span>The Science Curriculum in Primary and Lower Secondary Grades<\/span><\/a><\/li>\n<a href=\"http:\/\/timss2015.org\/encyclopedia\/benchmarking-participants\/ontario-canada\/teachers-teacher-education-and-professional-development\/\" class=\"menu-link main-menu-link menu-item menu-item-type-custom menu-item-object-custom\"><span>Teachers, Teacher Education, and Professional Development<\/span><\/a><\/li>\n<a href=\"http:\/\/timss2015.org\/encyclopedia\/benchmarking-participants\/ontario-canada\/instruction-for-mathematics-and-science-in-primary-and-lower-secondary-grades\/\" class=\"menu-link main-menu-link menu-item menu-item-type-custom menu-item-object-custom\"><span>Instruction for Mathematics and Science in Primary and Lower Secondary Grades<\/span><\/a><\/li>\n<a href=\"http:\/\/timss2015.org\/encyclopedia\/benchmarking-participants\/ontario-canada\/monitoring-student-progress-in-mathematics-and-science\/\" class=\"menu-link main-menu-link menu-item menu-item-type-custom menu-item-object-custom\"><span>Monitoring Student Progress in Mathematics and Science<\/span><\/a><\/li>\n<a href=\"http:\/\/timss2015.org\/encyclopedia\/benchmarking-participants\/ontario-canada\/use-and-impact-of-timss\/\" class=\"menu-link main-menu-link menu-item menu-item-type-custom menu-item-object-custom\"><span>Use and Impact of TIMSS<\/span><\/a><\/li>\n<a href=\"http:\/\/timss2015.org\/encyclopedia\/benchmarking-participants\/ontario-canada\/suggested-readings\/\" class=\"menu-link main-menu-link menu-item menu-item-type-custom menu-item-object-custom\"><span>Suggested Readings<\/span><\/a><\/li>\n<a href=\"http:\/\/timss2015.org\/encyclopedia\/benchmarking-participants\/ontario-canada\/references\/\" class=\"menu-link main-menu-link menu-item menu-item-type-custom menu-item-object-custom\"><span>References<\/span><\/a><\/li>\n<\/div><\/div>\t<style>\n\t\t.carouselwrap{\n\t\t\tbackground: #e5eaef;\n\t\t}\t\t\n\t\t.owl-item a{\n\t\t\tbackground: #ffffff;\n\t\t\tborder: 4px #00b2cc solid;\n\t\t\tcolor: #000000;\n\t\t}\t\t\n\t\t.owl-item a:hover,\n\t\t.owl-item a:focus,\n\t\t.owl-item a.current-menu-item{\n\t\t\tbackground: #00667f;\n\t\t\tborder: 4px #00b2cc solid;\n\t\t\t\n\t\t\tcolor: #ffffff;\n\t\t}\n\t<\/style>\n\t\n<h2>The Mathematics Curriculum in Primary and Lower Secondary Grades<\/h2>\n<p>In 2005, the Ministry of Education released the revised Ontario Curriculum, Grades 1 to 8 Mathematics, and <em>Le curriculum de l\u2019Ontario<\/em><em>\u2014<\/em><em>Math\u00e9matiques<\/em><em>, de la 1<sup class=\"nonSup\">re<\/sup> \u00e0 la 8<sup class=\"nonSup\">e<\/sup> ann\u00e9e.<\/em><sup>9,10<\/sup> The revised curriculum recognizes student diversity and is based on the belief that all students can learn mathematics. The curriculum supports equity by promoting the active participation of all students and by identifying the knowledge and skills students are expected to demonstrate in every grade. It recognizes different learning styles and sets expectations that call for the use of a variety of instructional strategies and assessment tools. Further, it aims to challenge all students by including expectations that require them to use higher order thinking skills and to make connections among related mathematical concepts and among mathematics, other disciplines, and the real world.<\/p>\n<p>The French-language curriculum is developed, implemented, and revised in parallel with the English-language curriculum. A distinct feature of the French-language education system is the <em>Am\u00e9nagement Linguistique<\/em> policy, which is intended to promote, enhance, and expand the use of the French language and culture in a minority setting and in all spheres of activity.<sup>11<\/sup> <\/p>\n<p>The revised mathematics curriculum includes five strands or major areas of knowledge and skills: Number Sense and Numeration, Measurement, Geometry and Spatial Sense, Patterning and Algebra, and Data Management and Probability. Seven mathematical processes also are identified\u2014Problem Solving, Communicating, Reasoning and Proving, Reflecting, Representing, Connecting, and Selecting Tools and Computational Strategies\u2014that describe the practices students need to learn and apply in all areas of their mathematics studies. In Grades 1 to 12, students engage actively in applying these mathematical processes throughout their programs of study.<\/p>\n<p>Problem solving is central to learning mathematics. By learning to solve problems and by learning through problem solving, students connect mathematical ideas and processes, and develop conceptual understanding. Problem solving allows students to use the knowledge they bring to school, and helps them connect mathematics with situations outside the classroom. It gives meaning to skills and concepts in all strands. It provides opportunities for students to reason, communicate ideas, make connections, and apply their knowledge and skills, and it promotes collaboration, the sharing of ideas and strategies, and the discussion of mathematics.<\/p>\n<p>In fourth grade mathematics, students are expected to develop knowledge and skills in each of the following five strands:<\/p>\n<ul>\n<li>Number Sense and Numeration\u2014Work with whole numbers, decimal numbers, and simple fractions; understand magnitude; and solve problems and use proportional reasoning<\/li>\n<li>Measurement\u2014Use strategies to estimate, measure, and record length, perimeter, area, mass, and volume; and determine relationships among units and measurable attributes<\/li>\n<li>Geometry and Spatial Sense\u2014Learn about the geometric properties of quadrilaterals and three-dimensional figures, compare angles, construct three-dimensional figures, and identify and describe the location of objects<\/li>\n<li>Patterning and Algebra\u2014Learn about numeric and geometric patterns and predictions related to patterns and repeating patterns, and understand equality between pairs of numeric expressions<\/li>\n<li>Data Management and Probability\u2014Collect and display discrete data, interpret data, and make predictions related to simple probability experiments; conduct experiments; and compare predictions to results<\/li>\n<\/ul>\n<p>In eighth grade mathematics, students are expected to develop knowledge and skills in each of the following five strands:<\/p>\n<ul>\n<li>Number Sense and Numeration\u2014Use equivalent representations for numbers, including positive exponents; solve problems using whole numbers, decimal numbers, fractions, and integers; and use proportional reasoning in meaningful contexts to solve problems<\/li>\n<li>Measurement\u2014Learn about applications of volume, relationships among units, and measurable attributes, including the area of circles and volume of cylinders<\/li>\n<li>Geometry and Spatial Sense\u2014Learn about the geometric properties of quadrilaterals and circles; develop relationships and solve problems involving lines, triangles, and polyhedra; and use the coordinate plane to represent transformations<\/li>\n<li>Patterning and Algebra\u2014Use graphs, algebraic expressions, and equations to represent linear growth patterns; model linear relationships, both graphically and algebraically; and solve and verify algebraic equations<\/li>\n<li>Data Management and Probability\u2014Collect and organize data, explore data relationships, and use probability models to make predictions about real life events<\/li>\n<\/ul>\n","protected":false},"excerpt":{"rendered":"<p>The Mathematics Curriculum in Primary and Lower Secondary Grades In 2005, the Ministry of Education released the revised Ontario Curriculum, Grades 1 to 8 Mathematics, and Le curriculum de l\u2019Ontario\u2014Math\u00e9matiques, de la 1re \u00e0 la 8e ann\u00e9e.9,10 The revised curriculum &hellip; <a href=\"http:\/\/timss2015.org\/encyclopedia\/benchmarking-participants\/ontario-canada\/the-mathematics-curriculum-in-primary-and-lower-secondary-grades\/\">Continued<\/a><\/p>\n","protected":false},"author":1,"featured_media":0,"parent":225,"menu_order":0,"comment_status":"closed","ping_status":"closed","template":"","meta":{"footnotes":""},"class_list":["post-1110","page","type-page","status-publish","hentry"],"_links":{"self":[{"href":"http:\/\/timss2015.org\/encyclopedia\/wp-json\/wp\/v2\/pages\/1110","targetHints":{"allow":["GET"]}}],"collection":[{"href":"http:\/\/timss2015.org\/encyclopedia\/wp-json\/wp\/v2\/pages"}],"about":[{"href":"http:\/\/timss2015.org\/encyclopedia\/wp-json\/wp\/v2\/types\/page"}],"author":[{"embeddable":true,"href":"http:\/\/timss2015.org\/encyclopedia\/wp-json\/wp\/v2\/users\/1"}],"replies":[{"embeddable":true,"href":"http:\/\/timss2015.org\/encyclopedia\/wp-json\/wp\/v2\/comments?post=1110"}],"version-history":[{"count":4,"href":"http:\/\/timss2015.org\/encyclopedia\/wp-json\/wp\/v2\/pages\/1110\/revisions"}],"predecessor-version":[{"id":5577,"href":"http:\/\/timss2015.org\/encyclopedia\/wp-json\/wp\/v2\/pages\/1110\/revisions\/5577"}],"up":[{"embeddable":true,"href":"http:\/\/timss2015.org\/encyclopedia\/wp-json\/wp\/v2\/pages\/225"}],"wp:attachment":[{"href":"http:\/\/timss2015.org\/encyclopedia\/wp-json\/wp\/v2\/media?parent=1110"}],"curies":[{"name":"wp","href":"https:\/\/api.w.org\/{rel}","templated":true}]}}