{"id":139,"date":"2016-08-10T16:32:09","date_gmt":"2016-08-10T16:32:09","guid":{"rendered":"http:\/\/timss2015.org\/encyclopedia\/?page_id=139"},"modified":"2016-10-05T15:21:26","modified_gmt":"2016-10-05T15:21:26","slug":"hungary","status":"publish","type":"page","link":"http:\/\/timss2015.org\/encyclopedia\/countries\/hungary\/","title":{"rendered":"Hungary"},"content":{"rendered":"<div class=\"carouselwrap\"><div id=\"menu-hungary\" class=\"carouselmenu\"><a href=\"http:\/\/timss2015.org\/encyclopedia\/countries\/hungary\/\" class=\"menu-link main-menu-link menu-item menu-item-type-custom menu-item-object-custom\"><span>Introduction<\/span><\/a><\/li>\n<a href=\"http:\/\/timss2015.org\/encyclopedia\/countries\/hungary\/the-mathematics-curriculum-in-primary-and-lower-secondary-grades\/\" class=\"menu-link main-menu-link menu-item menu-item-type-custom menu-item-object-custom\"><span>The Mathematics Curriculum in Primary and Lower Secondary Grades<\/span><\/a><\/li>\n<a href=\"http:\/\/timss2015.org\/encyclopedia\/countries\/hungary\/the-science-curriculum-in-primary-and-lower-secondary-grades\/\" class=\"menu-link main-menu-link menu-item menu-item-type-custom menu-item-object-custom\"><span>The Science Curriculum in Primary and Lower Secondary Grades<\/span><\/a><\/li>\n<a href=\"http:\/\/timss2015.org\/encyclopedia\/countries\/hungary\/teachers-teacher-education-and-professional-development\/\" class=\"menu-link main-menu-link menu-item menu-item-type-custom menu-item-object-custom\"><span>Teachers, Teacher Education, and Professional Development<\/span><\/a><\/li>\n<a href=\"http:\/\/timss2015.org\/encyclopedia\/countries\/hungary\/instruction-for-mathematics-and-science-in-primary-and-lower-secondary-grades\/\" class=\"menu-link main-menu-link menu-item menu-item-type-custom menu-item-object-custom\"><span>Instruction for Mathematics and Science in Primary and Lower Secondary Grades<\/span><\/a><\/li>\n<a href=\"http:\/\/timss2015.org\/encyclopedia\/countries\/hungary\/monitoring-student-progress-in-mathematics-and-science\/\" class=\"menu-link main-menu-link menu-item menu-item-type-custom menu-item-object-custom\"><span>Monitoring Student Progress in Mathematics and Science<\/span><\/a><\/li>\n<a href=\"http:\/\/timss2015.org\/encyclopedia\/countries\/hungary\/special-initiatives-in-mathematics-and-science-education\/\" class=\"menu-link main-menu-link menu-item menu-item-type-custom menu-item-object-custom\"><span>Special Initiatives in Mathematics and Science Education<\/span><\/a><\/li>\n<a href=\"http:\/\/timss2015.org\/encyclopedia\/countries\/hungary\/use-and-impact-of-timss\/\" class=\"menu-link main-menu-link menu-item menu-item-type-custom menu-item-object-custom\"><span>Use and Impact of TIMSS<\/span><\/a><\/li>\n<a href=\"http:\/\/timss2015.org\/encyclopedia\/countries\/hungary\/references\/\" class=\"menu-link main-menu-link menu-item menu-item-type-custom menu-item-object-custom\"><span>References<\/span><\/a><\/li>\n<\/div><\/div>\t<style>\n\t\t.carouselwrap{\n\t\t\tbackground: #e5eaef;\n\t\t}\t\t\n\t\t.owl-item a{\n\t\t\tbackground: #ffffff;\n\t\t\tborder: 4px #00b2cc solid;\n\t\t\tcolor: #000000;\n\t\t}\t\t\n\t\t.owl-item a:hover,\n\t\t.owl-item a:focus,\n\t\t.owl-item a.current-menu-item{\n\t\t\tbackground: #00667f;\n\t\t\tborder: 4px #00b2cc solid;\n\t\t\t\n\t\t\tcolor: #ffffff;\n\t\t}\n\t<\/style>\n\t\n<div class=\"names\">Zolt\u00e1n Laposa<br \/>\nL\u00e1szl\u00f3 Ostorics<br \/>\nBal\u00e1zs Szalay<br \/>\nIldik\u00f3 Szepesi<br \/>\nKl\u00e1ra Veresn\u00e9 Jakab<br \/>\nDepartment of Educational Assessment and Evaluation<br \/>\nEducational Authority<\/div>\n<h2>Overview of Education System<\/h2>\n<p>According to Act CXC of 2011 on National Public Education,<sup>1<\/sup> the state ensures the provision of public education, with the exception of preschools. The state provides public education by establishing and operating institutions and by working with churches or private institutions through public education agreements. Local governments ensure the provision of preschool education by establishing and operating institutions or by means of public education agreements.<\/p>\n<p>The state is authorized to regulate the introduction and implementation of the national curriculum. Public education institutions are professionally independent\u2014they make decisions regarding their own organization and operation on matters not regulated legally by any other entity.<\/p>\n<p>Exhibit 1 presents the structure of the Hungarian education system by age, grade, and ISCED 2011 level.<sup>2<\/sup><\/p>\n<p><strong>Exhibit 1: The Structure of the Hungarian Public Education and Higher Education System by Age, Grade, and ISCED Level <\/strong><\/p>\n<p><img loading=\"lazy\" decoding=\"async\" class=\"alignleft size-full wp-image-5905\" src=\"http:\/\/timss2015.org\/encyclopedia\/wp-content\/uploads\/sites\/6\/2016\/08\/T15_E_Hungary.png\" alt=\"t15_e_hungary\" width=\"900\" height=\"813\" srcset=\"http:\/\/timss2015.org\/encyclopedia\/wp-content\/uploads\/sites\/6\/2016\/08\/T15_E_Hungary.png 900w, http:\/\/timss2015.org\/encyclopedia\/wp-content\/uploads\/sites\/6\/2016\/08\/T15_E_Hungary-300x271.png 300w, http:\/\/timss2015.org\/encyclopedia\/wp-content\/uploads\/sites\/6\/2016\/08\/T15_E_Hungary-768x694.png 768w\" sizes=\"auto, (max-width: 900px) 100vw, 900px\" \/><\/p>\n<p>&nbsp;<\/p>\n<p><em>Cr\u00e8che<\/em> (nursery) is a noncompulsory welfare institution serving children ages 20 weeks to 3 years, providing professional day care and fostering child development. As of September 2015, preprimary education is compulsory for children ages 3 to 6. Prior to this, enrollment was mandatory at age 5, although children generally were enrolled in preprimary education at age 3.<\/p>\n<p>Elementary education is organized as a single-structure system in eight-grade primary schools (typically for students ages 6 to 14, Grades 1 to 8). Secondary education (typically for students ages 14 to 18, Grades 9 to 12) is provided by secondary general schools, secondary vocational schools, or vocational and special vocational schools. Secondary general schools also are allowed to offer longer programs starting earlier (from Grade 5 or 7). Some four year grammar and secondary vocational schools offer a preparatory first year, during which students focus on foreign language learning supplemented with mother tongue and mathematics lessons before starting the four year program, thus adding one year to the typical four year program of study.<\/p>\n<p>Secondary general schools provide general education and prepare students for the secondary school leaving examination, which is a prerequisite for admission to higher education. Secondary vocational schools provide general and prevocational education, prepare students for the secondary school leaving examination, and offer vocational post-secondary, nontertiary programs. Vocational schools provide general, prevocational, and vocational education, and also may provide remedial lower secondary general education for students who have not completed basic education.<\/p>\n<p>  Higher education programs are offered by public or private universities and colleges (nonuniversity higher education institutions). In accordance with the three cycle Bologna degree structure, there are bachelor&rsquo;s degree programs lasting six to eight semesters, which may be followed by master&rsquo;s degree programs lasting another two to four semesters. The third cycle of higher education comprises doctoral studies. There also are continuous long programs.<sup>3<\/sup><\/p>\n<h3>Languages of Instruction<\/h3>\n<p>  Hungarian is the official language of Hungary and the official language of instruction in schools, but a number of ethnic and national minorities have minority educational institutions with their own languages as the first or second language of instruction at the primary and secondary levels (e.g., Croatian, German, Romanian, Serbian, Slovak, Slovenian, Polish, Greek, or Roma may be the first or second language of instruction).<\/p>\n<p>  Additional minority education classes may be organized when there are at least eight parents of a minority group in a settlement whose mother tongue is not Hungarian. If the number of children is insufficient, parents may request that the local government organize mother tongue and culture classes in connection with school education. These classes may be operated by a department within the school, by a separate language school, or by traveling teachers for hire. Minority education classes have been taught in Bulgarian, Roma, Greek, Croatian, German, Romanian, Ruthenian, Serbian, Slovak, and Slovenian.<\/p>\n","protected":false},"excerpt":{"rendered":"<p>Zolt\u00e1n Laposa L\u00e1szl\u00f3 Ostorics Bal\u00e1zs Szalay Ildik\u00f3 Szepesi Kl\u00e1ra Veresn\u00e9 Jakab Department of Educational Assessment and Evaluation Educational Authority Overview of Education System According to Act CXC of 2011 on National Public Education,1 the state ensures the provision of public &hellip; <a href=\"http:\/\/timss2015.org\/encyclopedia\/countries\/hungary\/\">Continued<\/a><\/p>\n","protected":false},"author":1,"featured_media":0,"parent":129,"menu_order":28,"comment_status":"closed","ping_status":"closed","template":"","meta":{"footnotes":""},"class_list":["post-139","page","type-page","status-publish","hentry"],"_links":{"self":[{"href":"http:\/\/timss2015.org\/encyclopedia\/wp-json\/wp\/v2\/pages\/139","targetHints":{"allow":["GET"]}}],"collection":[{"href":"http:\/\/timss2015.org\/encyclopedia\/wp-json\/wp\/v2\/pages"}],"about":[{"href":"http:\/\/timss2015.org\/encyclopedia\/wp-json\/wp\/v2\/types\/page"}],"author":[{"embeddable":true,"href":"http:\/\/timss2015.org\/encyclopedia\/wp-json\/wp\/v2\/users\/1"}],"replies":[{"embeddable":true,"href":"http:\/\/timss2015.org\/encyclopedia\/wp-json\/wp\/v2\/comments?post=139"}],"version-history":[{"count":13,"href":"http:\/\/timss2015.org\/encyclopedia\/wp-json\/wp\/v2\/pages\/139\/revisions"}],"predecessor-version":[{"id":6775,"href":"http:\/\/timss2015.org\/encyclopedia\/wp-json\/wp\/v2\/pages\/139\/revisions\/6775"}],"up":[{"embeddable":true,"href":"http:\/\/timss2015.org\/encyclopedia\/wp-json\/wp\/v2\/pages\/129"}],"wp:attachment":[{"href":"http:\/\/timss2015.org\/encyclopedia\/wp-json\/wp\/v2\/media?parent=139"}],"curies":[{"name":"wp","href":"https:\/\/api.w.org\/{rel}","templated":true}]}}