{"id":172,"date":"2016-08-10T16:32:10","date_gmt":"2016-08-10T16:32:10","guid":{"rendered":"http:\/\/timss2015.org\/encyclopedia\/?page_id=172"},"modified":"2016-10-12T15:24:13","modified_gmt":"2016-10-12T15:24:13","slug":"spain","status":"publish","type":"page","link":"http:\/\/timss2015.org\/encyclopedia\/countries\/spain\/","title":{"rendered":"Spain"},"content":{"rendered":"<div class=\"carouselwrap\"><div id=\"menu-spain\" class=\"carouselmenu\"><a href=\"http:\/\/timss2015.org\/encyclopedia\/countries\/spain\/\" class=\"menu-link main-menu-link menu-item menu-item-type-custom menu-item-object-custom\"><span>Introduction<\/span><\/a><\/li>\n<a href=\"http:\/\/timss2015.org\/encyclopedia\/countries\/spain\/the-mathematics-curriculum-in-primary-and-lower-secondary-grades\/\" class=\"menu-link main-menu-link menu-item menu-item-type-custom menu-item-object-custom\"><span>The Mathematics Curriculum in Primary and Lower Secondary Grades<\/span><\/a><\/li>\n<a href=\"http:\/\/timss2015.org\/encyclopedia\/countries\/spain\/the-science-curriculum-in-primary-and-lower-secondary-grades\/\" class=\"menu-link main-menu-link menu-item menu-item-type-custom menu-item-object-custom\"><span>The Science Curriculum in Primary and Lower Secondary Grades<\/span><\/a><\/li>\n<a href=\"http:\/\/timss2015.org\/encyclopedia\/countries\/spain\/teachers-teacher-education-and-professional-development\/\" class=\"menu-link main-menu-link menu-item menu-item-type-custom menu-item-object-custom\"><span>Teachers, Teacher Education, and Professional Development<\/span><\/a><\/li>\n<a href=\"http:\/\/timss2015.org\/encyclopedia\/countries\/spain\/instruction-for-mathematics-and-science-in-primary-and-lower-secondary-grades\/\" class=\"menu-link main-menu-link menu-item menu-item-type-custom menu-item-object-custom\"><span>Instruction for Mathematics and Science in Primary and Lower Secondary Grades<\/span><\/a><\/li>\n<a href=\"http:\/\/timss2015.org\/encyclopedia\/countries\/spain\/monitoring-student-progress-in-mathematics-and-science\/\" class=\"menu-link main-menu-link menu-item menu-item-type-custom menu-item-object-custom\"><span>Monitoring Student Progress in Mathematics and Science<\/span><\/a><\/li>\n<a href=\"http:\/\/timss2015.org\/encyclopedia\/countries\/spain\/special-initiatives-in-mathematics-and-science-education\/\" class=\"menu-link main-menu-link menu-item menu-item-type-custom menu-item-object-custom\"><span>Special Initiatives in Mathematics and Science Education<\/span><\/a><\/li>\n<a href=\"http:\/\/timss2015.org\/encyclopedia\/countries\/spain\/use-and-impact-of-timss\/\" class=\"menu-link main-menu-link menu-item menu-item-type-custom menu-item-object-custom\"><span>Use and Impact of TIMSS<\/span><\/a><\/li>\n<a href=\"http:\/\/timss2015.org\/encyclopedia\/countries\/spain\/suggested-readings\/\" class=\"menu-link main-menu-link menu-item menu-item-type-custom menu-item-object-custom\"><span>Suggested Readings<\/span><\/a><\/li>\n<a href=\"http:\/\/timss2015.org\/encyclopedia\/countries\/spain\/references\/\" class=\"menu-link main-menu-link menu-item menu-item-type-custom menu-item-object-custom\"><span>References<\/span><\/a><\/li>\n<\/div><\/div>\t<style>\n\t\t.carouselwrap{\n\t\t\tbackground: #e5eaef;\n\t\t}\t\t\n\t\t.owl-item a{\n\t\t\tbackground: #ffffff;\n\t\t\tborder: 4px #00b2cc solid;\n\t\t\tcolor: #000000;\n\t\t}\t\t\n\t\t.owl-item a:hover,\n\t\t.owl-item a:focus,\n\t\t.owl-item a.current-menu-item{\n\t\t\tbackground: #00667f;\n\t\t\tborder: 4px #00b2cc solid;\n\t\t\t\n\t\t\tcolor: #ffffff;\n\t\t}\n\t<\/style>\n\t\n<div class=\"names\">Francisco Javier Garc\u00eda Crespo<br \/>\nJes\u00fas Mart\u00edn Montalvo<br \/>\nLuis Sanz San Miguel<br \/>\nJos\u00e9 Luis Uriondo Gonz\u00e1lez<br \/>\nNational Institute of Educational Evaluation<br \/>\nMinistry of Education, Culture, and Sports<\/div>\n<h2>Overview of Education System<\/h2>\n<p>Spain is a country historically characterized by rich cultural and linguistic diversity. This diversity is reflected legally in the Spanish Constitution of 1978<sup>1<\/sup> and in the Statutes of Autonomy of the 17 autonomous communities and the cities of Ceuta and Melilla, across which the authority in Spain is territorially distributed.<\/p>\n<p>The Spanish Constitution of 1978 also created a highly decentralized education system. The Spanish Government oversees legislation, basic structure, and cooperative initiatives with other nations, but the autonomous communities are responsible for all other aspects of education, including schools, curriculum, and financial and personnel management in their respective territories. Current educational regulations, including the <em>Organic Law on Education<\/em>,<sup>2<\/sup> guarantee the uniformity and unity of the education system, while also allowing autonomous communities to make individual decisions. This law includes a proposal for regional cooperation among the education authorities to develop projects and programs of general interest, share information, and benefit from best practices. Thus, the curriculum has a centralized common framework that is developed and implemented by the autonomous communities and schools.<sup>3,4<\/sup><\/p>\n<p>In 2006, the <em>Organic Law on Education<\/em> legally validated the current basic structure of the Spanish education system, though this law did not modify the organization already established in 1990. The system is organized into school years (grades), cycles, and levels of education. The levels of education comprise preprimary education (ages 0 to 6), primary education (ages 6 to 12), and secondary education (ages 12 to 18).<\/p>\n<p>Preprimary education is not compulsory. It is organized into two cycles\u2014one for children ages 0 to 3, and a second for ages 3 to 6\u2014with the second cycle being free of charge.<\/p>\n<p>Primary education (Grades 1 to 6) and compulsory secondary education (Grades 7 to 10) comprise Spain\u2019s basic education\u201410 years of schooling (generally ages 6 to 16) that is compulsory and free of charge.<\/p>\n<p>Primary education (Grades 1 to 6) consists of three cycles of two academic years each. The <em>Organic Law on Education<\/em> established objectives that describe what student competencies should be developed at the primary level. The goal of the primary level is to provide all students with an education that allows them to concentrate on their personal development and their own well-being, as well as to acquire basic cultural skills related to oral expression and comprehension, reading, writing, and numeracy. Primary education also focuses on the development of social skills, work and study habits, and creative and emotional growth. The education provided in this level integrates different experiences and knowledge, and it adapts the instructional pace to individual student needs.<\/p>\n<p>Secondary education is divided into two stages: compulsory secondary and post-compulsory secondary education. Compulsory secondary education comprises four years that generally correspond to students ages 12 to 16 (Grades 7 to 10). This stage of secondary education aims to provide students with the basic elements of culture (humanistic, artistic, scientific, and technological) that will make them conscientious citizens and allow them to pursue subsequent studies or directly enter the job market.<\/p>\n<p>The compulsory secondary education stage is organized with the goal of providing a common core education for all students while also paying attention to student diversity. Schools can organize the curriculum in a flexible way and adopt measures necessary to cater to the diversity of their students. In doing so, however, every school must ensure that all its students can reach the targets set for compulsory secondary education without any discrimination that might prevent them from achieving the final qualification.<\/p>\n<p>The mandatory curriculum, both in primary education and compulsory secondary education, is organized into subject areas regulated by law. Each subject area contains objectives, content, assessment criteria, and a particular contribution to eight common basic competencies, recommended by the European Union. These eight basic competencies are as follows:<\/p>\n<ul>\n<li>Linguistic competence<\/li>\n<li>Mathematical competence<\/li>\n<li>Knowledge and interaction with the physical world<\/li>\n<li>Information management and digital competence<\/li>\n<li>Social and civic competence<\/li>\n<li>Cultural and artistic competence<\/li>\n<li>Learning to learn<\/li>\n<li>Autonomy and entrepreneurship<\/li>\n<\/ul>\n<p>Each subject area in the curriculum must contribute to students\u2019 acquisition of these basic competencies, though some competencies link specifically to certain subject areas, as in the case of \u201cmathematical competence\u201d and \u201cknowledge and interaction with the physical world.\u201d By including these basic competencies in the curriculum, the Spanish education system aims to integrate both formal and informal learning, to enable students to apply their learning effectively in different situations and contexts, and to guide teaching practice by identifying essential content and assessment criteria while inspiring the teaching and learning processes.<\/p>\n<p>Post-compulsory secondary education (Grades 11 to 12) includes the baccalaureate and vocational education intermediate level.<\/p>\n<p>Lastly, higher education includes university (ISCED 5A and above); and higher level vocational education, higher level arts and design, and higher level sports education (ISCED 5B).<\/p>\n<h3>Languages of Instruction<\/h3>\n<p>The official language in Spain is Castilian Spanish, although four other official languages are used in different autonomous communities: Catalan, Galician, Valencian, and Basque. The language of instruction is Castilian except in communities with another official language, where schools use two official languages in education.<\/p>\n<p>In Galicia, both Castilian and Galician are used, with the mother tongue used predominantly in preprimary and both languages used in primary and secondary education, so that students acquire a good command of the two languages. In the Valencian Community, Castilian or Valencian is used in schools, depending largely on the geographical location of the school as well as family choice. There are different models of instructional organization, but most schools offer a bilingual program. In Catalonia, Catalan is the language of instruction. In the Balearic Islands, both Catalan and Castilian can be used, but Catalan is the language of instruction in primary education. In Navarre and the Basque country, both Castilian and Basque are used, with variations based on the linguistic model chosen by the schools: language of instruction in Castilian or Basque and the other official language as a subject, or an intermediate option with different weight assigned to each language.<sup>5,6,7,8,9,10,11<\/sup><\/p>\n<p>As in other European countries, the number of schools in Spain that have adopted a Content and Language Integrated Learning (CLIL) curriculum, in which some of the curriculum subjects are taught in English, has grown considerably in the past decade. All the autonomous communities, with the help of the central authorities, are introducing CLIL programs in schools.<sup>12<\/sup><\/p>\n","protected":false},"excerpt":{"rendered":"<p>Francisco Javier Garc\u00eda Crespo Jes\u00fas Mart\u00edn Montalvo Luis Sanz San Miguel Jos\u00e9 Luis Uriondo Gonz\u00e1lez National Institute of Educational Evaluation Ministry of Education, Culture, and Sports Overview of Education System Spain is a country historically characterized by rich cultural and &hellip; <a href=\"http:\/\/timss2015.org\/encyclopedia\/countries\/spain\/\">Continued<\/a><\/p>\n","protected":false},"author":1,"featured_media":0,"parent":129,"menu_order":59,"comment_status":"closed","ping_status":"closed","template":"","meta":{"footnotes":""},"class_list":["post-172","page","type-page","status-publish","hentry"],"_links":{"self":[{"href":"http:\/\/timss2015.org\/encyclopedia\/wp-json\/wp\/v2\/pages\/172","targetHints":{"allow":["GET"]}}],"collection":[{"href":"http:\/\/timss2015.org\/encyclopedia\/wp-json\/wp\/v2\/pages"}],"about":[{"href":"http:\/\/timss2015.org\/encyclopedia\/wp-json\/wp\/v2\/types\/page"}],"author":[{"embeddable":true,"href":"http:\/\/timss2015.org\/encyclopedia\/wp-json\/wp\/v2\/users\/1"}],"replies":[{"embeddable":true,"href":"http:\/\/timss2015.org\/encyclopedia\/wp-json\/wp\/v2\/comments?post=172"}],"version-history":[{"count":15,"href":"http:\/\/timss2015.org\/encyclopedia\/wp-json\/wp\/v2\/pages\/172\/revisions"}],"predecessor-version":[{"id":6890,"href":"http:\/\/timss2015.org\/encyclopedia\/wp-json\/wp\/v2\/pages\/172\/revisions\/6890"}],"up":[{"embeddable":true,"href":"http:\/\/timss2015.org\/encyclopedia\/wp-json\/wp\/v2\/pages\/129"}],"wp:attachment":[{"href":"http:\/\/timss2015.org\/encyclopedia\/wp-json\/wp\/v2\/media?parent=172"}],"curies":[{"name":"wp","href":"https:\/\/api.w.org\/{rel}","templated":true}]}}