{"id":4394,"date":"2016-08-25T15:14:59","date_gmt":"2016-08-25T15:14:59","guid":{"rendered":"http:\/\/timss2015.org\/encyclopedia\/?page_id=4394"},"modified":"2016-10-06T20:35:08","modified_gmt":"2016-10-06T20:35:08","slug":"the-new-zealand-curriculum-in-primary-and-lower-secondary-schools","status":"publish","type":"page","link":"http:\/\/timss2015.org\/encyclopedia\/countries\/new-zealand\/the-new-zealand-curriculum-in-primary-and-lower-secondary-schools\/","title":{"rendered":"The New Zealand Curriculum in Primary and Lower Secondary Schools"},"content":{"rendered":"<div class=\"carouselwrap\"><div id=\"menu-new-zealand\" class=\"carouselmenu\"><a href=\"http:\/\/timss2015.org\/encyclopedia\/countries\/new-zealand\/\" class=\"menu-link main-menu-link menu-item menu-item-type-custom menu-item-object-custom\"><span>Introduction<\/span><\/a><\/li>\n<a href=\"http:\/\/timss2015.org\/encyclopedia\/countries\/new-zealand\/the-new-zealand-curriculum-in-primary-and-lower-secondary-schools\/\" class=\"menu-link main-menu-link menu-item menu-item-type-post_type menu-item-object-page\"><span>The New Zealand Curriculum in Primary and Lower Secondary Schools<\/span><\/a><\/li>\n<a href=\"http:\/\/timss2015.org\/encyclopedia\/countries\/new-zealand\/the-mathematics-curriculum-in-primary-and-lower-secondary-grades\/\" class=\"menu-link main-menu-link menu-item menu-item-type-custom menu-item-object-custom\"><span>The Mathematics Curriculum in Primary and Lower Secondary Grades<\/span><\/a><\/li>\n<a href=\"http:\/\/timss2015.org\/encyclopedia\/countries\/new-zealand\/the-science-curriculum-in-primary-and-lower-secondary-grades\/\" class=\"menu-link main-menu-link menu-item menu-item-type-custom menu-item-object-custom\"><span>The Science Curriculum in Primary and Lower Secondary Grades<\/span><\/a><\/li>\n<a href=\"http:\/\/timss2015.org\/encyclopedia\/countries\/new-zealand\/teachers-teacher-education-and-professional-development\/\" class=\"menu-link main-menu-link menu-item menu-item-type-custom menu-item-object-custom\"><span>Teachers, Teacher Education, and Professional Development<\/span><\/a><\/li>\n<a href=\"http:\/\/timss2015.org\/encyclopedia\/countries\/new-zealand\/instruction-for-mathematics-and-science-in-primary-and-lower-secondary-grades\/\" class=\"menu-link main-menu-link menu-item menu-item-type-custom menu-item-object-custom\"><span>Instruction for Mathematics and Science in Primary and Lower Secondary Grades<\/span><\/a><\/li>\n<a href=\"http:\/\/timss2015.org\/encyclopedia\/countries\/new-zealand\/monitoring-student-progress-in-mathematics-and-science\/\" class=\"menu-link main-menu-link menu-item menu-item-type-custom menu-item-object-custom\"><span>Monitoring Student Progress in Mathematics and Science<\/span><\/a><\/li>\n<a href=\"http:\/\/timss2015.org\/encyclopedia\/countries\/new-zealand\/special-initiatives-in-mathematics-and-science-education\/\" class=\"menu-link main-menu-link menu-item menu-item-type-custom menu-item-object-custom\"><span>Special Initiatives in Mathematics and Science Education<\/span><\/a><\/li>\n<a href=\"http:\/\/timss2015.org\/encyclopedia\/countries\/new-zealand\/use-and-impact-of-timss\/\" class=\"menu-link main-menu-link menu-item menu-item-type-custom menu-item-object-custom\"><span>Use and Impact of TIMSS<\/span><\/a><\/li>\n<a href=\"http:\/\/timss2015.org\/encyclopedia\/countries\/new-zealand\/suggested-readings\/\" class=\"menu-link main-menu-link menu-item menu-item-type-custom menu-item-object-custom\"><span>Suggested Readings<\/span><\/a><\/li>\n<a href=\"http:\/\/timss2015.org\/encyclopedia\/countries\/new-zealand\/references\/\" class=\"menu-link main-menu-link menu-item menu-item-type-custom menu-item-object-custom\"><span>References<\/span><\/a><\/li>\n<\/div><\/div>\t<style>\n\t\t.carouselwrap{\n\t\t\tbackground: #e5eaef;\n\t\t}\t\t\n\t\t.owl-item a{\n\t\t\tbackground: #ffffff;\n\t\t\tborder: 4px #00b2cc solid;\n\t\t\tcolor: #000000;\n\t\t}\t\t\n\t\t.owl-item a:hover,\n\t\t.owl-item a:focus,\n\t\t.owl-item a.current-menu-item{\n\t\t\tbackground: #00667f;\n\t\t\tborder: 4px #00b2cc solid;\n\t\t\t\n\t\t\tcolor: #ffffff;\n\t\t}\n\t<\/style>\n\t\n<h2>The New Zealand Curriculum in Primary and Lower Secondary Schools<\/h2>\n<p>The national curriculum guides teaching and learning in New Zealand. It comprises two documents: <em>The New Zealand Curriculum<\/em> for English-medium education and <em>Te Marautanga o Aotearoa <\/em>for M\u0101ori-medium education. The English-medium document was introduced in late 2007, and fully implemented at the beginning of 2010. The M\u0101ori-medium document was introduced a year later, with full implementation at the beginning of 2011. The two documents were developed independently of each other and are not translations of each other. However, they share the same goal: an emphasis on foundation learning and academic success for all students and the competencies needed for study, work, and lifelong learning.<sup>11,12<\/sup> Although the aims and objectives are not designed to be parallel, the two documents have many similarities in stated learning goals and learning progressions.<\/p>\n<p>Each school has autonomy over how the curriculum is implemented. The curriculum documents do not prescribe detailed plans for teaching and learning, but offer a framework for schools to develop their own curriculum plans and teaching practices. It is the role of each school\u2019s board of trustees, principal, and teachers to develop and implement locally appropriate programs that are consistent with the principles, values, key competencies, and the various learning statements set out in the curriculum. Teachers are expected to tailor lessons to meet students\u2019 individual needs. Thus, students in the same year level may be working at different curriculum levels as appropriate to their abilities and pace of progression.<sup>g<\/sup>  <\/p>\n<p>Structurally, both documents have two sections. The first section identifies key learning outcomes and outlines the vision, principles, values, key competencies, and learning areas. It also guides effective pedagogy, assessment, and curriculum design and review. The second section of the document sets out the \u201cachievement objectives\u201d by level for each of eight learning areas, two of which are Mathematics and Statistics, and Science. The M\u0101ori-medium document covers nine learning areas, two of which are Mathematics (which includes statistics) and Science.<sup>13<\/sup> The learning areas differ only with respect to language: the English-medium document has two language learning areas, while the M\u0101ori-medium document has three.<sup>h<\/sup>  <\/p>\n<p>Within each learning area, for both documents, there are eight curriculum levels that span 13 years of schooling. The alignment of curriculum levels with year levels is flexible with each curriculum level in primary schooling, equating to approximately two or three years of schooling. For example, students are not expected to complete Level 3 until the end of Year 6 (ages 10 to 11). Across secondary schooling, curriculum levels are approximately equivalent to one year of schooling.<\/p>\n<p>In addition to the national curriculum, National Standards in English-medium settings and <em>Ng\u0101 Whanaketanga Rumaki M\u0101ori<\/em> in M\u0101ori-medium settings apply to students in Years 1 to 8. These standards detail expectations of skills and knowledge to be demonstrated by the end of each school year in reading\/<em>p\u0101nui<\/em>, writing\/<em>tuhituhi<\/em>, and mathematics\/<em>p\u0101ngarau<\/em>.<sup>i<\/sup> This marks an important point of difference to the eight curriculum levels set by <em>The New Zealand Curriculum<\/em> and <em>Te Marautanga o Aotearoa<\/em>, which do not prescribe annual benchmarks for students in primary education.<\/p>\n<p>The intention behind introducing the standards was to promote quality teaching and learning. They are designed to assist teachers and schools with deciding next learning steps with students, targeting students who need extra assistance, and reporting to students, their families, agencies, and the community.<sup>14<\/sup> National Standards were first implemented in 2010 for English-medium education<sup>15<\/sup>  and in 2011 for M\u0101ori-medium education.<sup>16<\/sup> These dates coincide with the dates of full implementation of the respective curriculum documents.<\/p>\n<p>The standards for mathematics and <em>Ng\u0101 Whanaketanga Rumaki M\u0101ori P\u0101ngarau<\/em> are structured according to the strands of the Mathematics and Statistics learning area of <em>The New Zealand Curriculum<\/em> and <em>Te Marautanga o Aotearoa<\/em>, respectively. The curriculum drives teaching, and the standards support teachers to assess their students\u2019 achievement in relation to the curriculum. Both the mathematics standards and <em>Ng\u0101 Whanaketanga Rumaki M\u0101ori P\u0101ngarau<\/em> are determined using overall teacher judgments, which combine information from a variety of sources, using a range of approaches to establish whether a student is well below, below, at, or above the standard set for each Year Level.<sup>17<\/sup> The first full release of the mathematics standards results and <em>Ng\u0101 Whanaketanga Rumaki M\u0101ori P\u0101ngarau<\/em> was in 2012.<sup>j<\/sup>  <\/p>\n","protected":false},"excerpt":{"rendered":"<p>The New Zealand Curriculum in Primary and Lower Secondary Schools The national curriculum guides teaching and learning in New Zealand. It comprises two documents: The New Zealand Curriculum for English-medium education and Te Marautanga o Aotearoa for M\u0101ori-medium education. The &hellip; <a href=\"http:\/\/timss2015.org\/encyclopedia\/countries\/new-zealand\/the-new-zealand-curriculum-in-primary-and-lower-secondary-schools\/\">Continued<\/a><\/p>\n","protected":false},"author":1,"featured_media":0,"parent":156,"menu_order":0,"comment_status":"closed","ping_status":"closed","template":"","meta":{"footnotes":"4"},"class_list":["post-4394","page","type-page","status-publish","hentry"],"_links":{"self":[{"href":"http:\/\/timss2015.org\/encyclopedia\/wp-json\/wp\/v2\/pages\/4394","targetHints":{"allow":["GET"]}}],"collection":[{"href":"http:\/\/timss2015.org\/encyclopedia\/wp-json\/wp\/v2\/pages"}],"about":[{"href":"http:\/\/timss2015.org\/encyclopedia\/wp-json\/wp\/v2\/types\/page"}],"author":[{"embeddable":true,"href":"http:\/\/timss2015.org\/encyclopedia\/wp-json\/wp\/v2\/users\/1"}],"replies":[{"embeddable":true,"href":"http:\/\/timss2015.org\/encyclopedia\/wp-json\/wp\/v2\/comments?post=4394"}],"version-history":[{"count":7,"href":"http:\/\/timss2015.org\/encyclopedia\/wp-json\/wp\/v2\/pages\/4394\/revisions"}],"predecessor-version":[{"id":6853,"href":"http:\/\/timss2015.org\/encyclopedia\/wp-json\/wp\/v2\/pages\/4394\/revisions\/6853"}],"up":[{"embeddable":true,"href":"http:\/\/timss2015.org\/encyclopedia\/wp-json\/wp\/v2\/pages\/156"}],"wp:attachment":[{"href":"http:\/\/timss2015.org\/encyclopedia\/wp-json\/wp\/v2\/media?parent=4394"}],"curies":[{"name":"wp","href":"https:\/\/api.w.org\/{rel}","templated":true}]}}