{"id":57,"date":"2016-08-10T15:48:10","date_gmt":"2016-08-10T15:48:10","guid":{"rendered":"http:\/\/timss2015.org\/encyclopedia\/?page_id=57"},"modified":"2016-10-06T20:10:16","modified_gmt":"2016-10-06T20:10:16","slug":"portugal","status":"publish","type":"page","link":"http:\/\/timss2015.org\/encyclopedia\/countries\/portugal\/","title":{"rendered":"Portugal"},"content":{"rendered":"<div class=\"carouselwrap\"><div id=\"menu-portugal\" class=\"carouselmenu\"><a href=\"http:\/\/timss2015.org\/encyclopedia\/countries\/portugal\/\" class=\"menu-link main-menu-link menu-item menu-item-type-post_type menu-item-object-page\"><span>Introduction<\/span><\/a><\/li>\n<a href=\"http:\/\/timss2015.org\/encyclopedia\/countries\/portugal\/the-mathematics-curriculum-in-primary-and-lower-secondary-grades\/\" class=\"menu-link main-menu-link menu-item menu-item-type-post_type menu-item-object-page\"><span>The Mathematics Curriculum in Primary and Lower Secondary Grades<\/span><\/a><\/li>\n<a href=\"http:\/\/timss2015.org\/encyclopedia\/countries\/portugal\/the-science-curriculum-in-primary-and-lower-secondary-grades\/\" class=\"menu-link main-menu-link menu-item menu-item-type-post_type menu-item-object-page\"><span>The Science Curriculum in Primary and Lower Secondary Grades<\/span><\/a><\/li>\n<a href=\"http:\/\/timss2015.org\/encyclopedia\/countries\/portugal\/teachers-teacher-education-and-professional-development\/\" class=\"menu-link main-menu-link menu-item menu-item-type-post_type menu-item-object-page\"><span>Teachers, Teacher Education, and Professional Development<\/span><\/a><\/li>\n<a href=\"http:\/\/timss2015.org\/encyclopedia\/countries\/portugal\/instruction-for-mathematics-and-science-in-primary-and-lower-secondary-grades\/\" class=\"menu-link main-menu-link menu-item menu-item-type-post_type menu-item-object-page\"><span>Instruction for Mathematics and Science in Primary and Lower Secondary Grades<\/span><\/a><\/li>\n<a href=\"http:\/\/timss2015.org\/encyclopedia\/countries\/portugal\/monitoring-student-progress-in-mathematics-and-science\/\" class=\"menu-link main-menu-link menu-item menu-item-type-post_type menu-item-object-page\"><span>Monitoring Student Progress in Mathematics and Science<\/span><\/a><\/li>\n<a href=\"http:\/\/timss2015.org\/encyclopedia\/countries\/portugal\/special-initiatives-in-mathematics-and-science-education\/\" class=\"menu-link main-menu-link menu-item menu-item-type-post_type menu-item-object-page\"><span>Special Initiatives in Mathematics and Science Education<\/span><\/a><\/li>\n<a href=\"http:\/\/timss2015.org\/encyclopedia\/countries\/portugal\/use-and-impact-of-timss\/\" class=\"menu-link main-menu-link menu-item menu-item-type-post_type menu-item-object-page\"><span>Use and Impact of TIMSS<\/span><\/a><\/li>\n<a href=\"http:\/\/timss2015.org\/encyclopedia\/countries\/portugal\/suggested-readings\/\" class=\"menu-link main-menu-link menu-item menu-item-type-post_type menu-item-object-page\"><span>Suggested Readings<\/span><\/a><\/li>\n<a href=\"http:\/\/timss2015.org\/encyclopedia\/countries\/portugal\/references\/\" class=\"menu-link main-menu-link menu-item menu-item-type-post_type menu-item-object-page\"><span>References<\/span><\/a><\/li>\n<\/div><\/div>\t<style>\n\t\t.carouselwrap{\n\t\t\tbackground: #e5eaef;\n\t\t}\t\t\n\t\t.owl-item a{\n\t\t\tbackground: #ffffff;\n\t\t\tborder: 4px #00b2cc solid;\n\t\t\tcolor: #000000;\n\t\t}\t\t\n\t\t.owl-item a:hover,\n\t\t.owl-item a:focus,\n\t\t.owl-item a.current-menu-item{\n\t\t\tbackground: #00667f;\n\t\t\tborder: 4px #00b2cc solid;\n\t\t\t\n\t\t\tcolor: #ffffff;\n\t\t}\n\t<\/style>\n\t\n<div class=\"names\">Jo\u00e3o Mar\u00f4co<br \/>\nIAVE &#8211; Instituto de Avalia\u00e7\u00e3o Educativa, I. P.<\/div>\n<h2>Overview of Education System<\/h2>\n<p>The Portuguese education system is composed of three major education levels: preschool, compulsory education, and higher education. The Ministry of Education and Science<sup>a,1<\/sup> defines the national centralized educational policy. It is responsible for the enforcement of the core curricula and universal access to education for preschool and compulsory education. It also enforces compulsory education as a constitutional right, free of any philosophical, aesthetic, political, and\/or religious principles. For higher education, courses are periodically audited and approved by a regulatory agency from the Ministry of Education and Science. The Portuguese education network is composed of state funded as well as private for-profit and nonprofit schools, institutes, and universities.<\/p>\n<p>Preschool education (UNESCO\u2019s ISCED Level 0) is optional for children from age 3 up to their entry into compulsory schooling. The main objectives of preschool education are the promotion of children\u2019s personal and social development and well-being; expression, communication, curiosity, and critical thinking abilities; and to involve families in their children\u2019s education.<sup>2,3<\/sup><\/p>\n<p>Compulsory education starts at age 6 and is mandatory for the next 12 years. Compulsory education is divided into basic education (nine years) and secondary education (three years). Basic education aims to ensure a common general education for all children, providing the fundamental knowledge and skills required for pursuing (upper) secondary education. It is divided into three cycles of study: first cycle (Grades 1 to 4); second cycle (Grades 5 to 6); and third cycle (Grades 7 to 9). The first and second cycles correspond to primary education (ISCED 1), and the third cycle corresponds to the lower secondary education (ISCED 2). Basic education has the following tracks: general basic education; specialized arts courses; vocational courses; and education and formation (preprofessional) courses. Secondary education (Grades 10 to 12, ISCED 3) is organized into different education or training tracks providing access to higher education or entering active life. The scientific-humanistic track prepares students to enter higher education in the sciences, technology, and humanities. Specialized arts tracks prepare students to either enter active life or to follow higher education studies in music and performance arts, audiovisual arts, and dance. Vocational, education and formation, and professional tracks prepare students to enter active life, but also allow the pursuit of higher education studies. The flexibility of transferring between courses oriented to enter active life or to pursue higher education is guaranteed. In addition to the core curricula enforced by the Ministry of Education and Science, schools have some autonomy to adapt and introduce specific professional and vocational tracks adapted to local contexts and economies.<sup>4,5<\/sup><\/p>\n<p>Higher education is provided at universities and polytechnic institutes according to the Bologna Principle signed by all EU countries. Students can obtain a bachelor\u2019s degree (ISCED 6), a master\u2019s degree (ISCED 7), or doctoral degree (ISCED 8) in the different areas of science and technology, arts and humanities, and the social sciences.<\/p>\n<p>The Portuguese education system also has a recurrent education track targeting adults who have not completed one or more levels of education at the regular age.<sup>6,7<\/sup><\/p>\n<h3>Languages of Instruction<\/h3>\n<p>Portuguese is the language of instruction in all public and private schools, with the exception of a few international private schools where the language of instruction is the language of the foreign curriculum adopted.<\/p>\n","protected":false},"excerpt":{"rendered":"<p>Jo\u00e3o Mar\u00f4co IAVE &#8211; Instituto de Avalia\u00e7\u00e3o Educativa, I. P. Overview of Education System The Portuguese education system is composed of three major education levels: preschool, compulsory education, and higher education. The Ministry of Education and Sciencea,1 defines the national &hellip; <a href=\"http:\/\/timss2015.org\/encyclopedia\/countries\/portugal\/\">Continued<\/a><\/p>\n","protected":false},"author":1,"featured_media":0,"parent":129,"menu_order":50,"comment_status":"closed","ping_status":"closed","template":"","meta":{"footnotes":"1"},"class_list":["post-57","page","type-page","status-publish","hentry"],"_links":{"self":[{"href":"http:\/\/timss2015.org\/encyclopedia\/wp-json\/wp\/v2\/pages\/57","targetHints":{"allow":["GET"]}}],"collection":[{"href":"http:\/\/timss2015.org\/encyclopedia\/wp-json\/wp\/v2\/pages"}],"about":[{"href":"http:\/\/timss2015.org\/encyclopedia\/wp-json\/wp\/v2\/types\/page"}],"author":[{"embeddable":true,"href":"http:\/\/timss2015.org\/encyclopedia\/wp-json\/wp\/v2\/users\/1"}],"replies":[{"embeddable":true,"href":"http:\/\/timss2015.org\/encyclopedia\/wp-json\/wp\/v2\/comments?post=57"}],"version-history":[{"count":21,"href":"http:\/\/timss2015.org\/encyclopedia\/wp-json\/wp\/v2\/pages\/57\/revisions"}],"predecessor-version":[{"id":6839,"href":"http:\/\/timss2015.org\/encyclopedia\/wp-json\/wp\/v2\/pages\/57\/revisions\/6839"}],"up":[{"embeddable":true,"href":"http:\/\/timss2015.org\/encyclopedia\/wp-json\/wp\/v2\/pages\/129"}],"wp:attachment":[{"href":"http:\/\/timss2015.org\/encyclopedia\/wp-json\/wp\/v2\/media?parent=57"}],"curies":[{"name":"wp","href":"https:\/\/api.w.org\/{rel}","templated":true}]}}