{"id":739,"date":"2016-08-15T20:32:58","date_gmt":"2016-08-15T20:32:58","guid":{"rendered":"http:\/\/timss2015.org\/encyclopedia\/countries\/france\/suggested-readings\/"},"modified":"2016-09-26T13:57:13","modified_gmt":"2016-09-26T13:57:13","slug":"suggested-readings","status":"publish","type":"page","link":"http:\/\/timss2015.org\/encyclopedia\/countries\/france\/suggested-readings\/","title":{"rendered":"Suggested Readings"},"content":{"rendered":"<div class=\"carouselwrap\"><div id=\"menu-france\" class=\"carouselmenu\"><a href=\"http:\/\/timss2015.org\/encyclopedia\/countries\/france\/\" class=\"menu-link main-menu-link menu-item menu-item-type-custom menu-item-object-custom\"><span>Introduction<\/span><\/a><\/li>\n<a href=\"http:\/\/timss2015.org\/encyclopedia\/countries\/france\/the-mathematics-curriculum-in-primary-and-lower-secondary-grades\/\" class=\"menu-link main-menu-link menu-item menu-item-type-custom menu-item-object-custom\"><span>The Mathematics Curriculum in Primary and Lower Secondary Grades<\/span><\/a><\/li>\n<a href=\"http:\/\/timss2015.org\/encyclopedia\/countries\/france\/the-science-curriculum-in-primary-and-lower-secondary-grades\/\" class=\"menu-link main-menu-link menu-item menu-item-type-custom menu-item-object-custom\"><span>The Science Curriculum in Primary and Lower Secondary Grades<\/span><\/a><\/li>\n<a href=\"http:\/\/timss2015.org\/encyclopedia\/countries\/france\/teachers-teacher-education-and-professional-development\/\" class=\"menu-link main-menu-link menu-item menu-item-type-custom menu-item-object-custom\"><span>Teachers, Teacher Education, and Professional Development<\/span><\/a><\/li>\n<a href=\"http:\/\/timss2015.org\/encyclopedia\/countries\/france\/instruction-for-mathematics-and-science-in-primary-and-lower-secondary-grades\/\" class=\"menu-link main-menu-link menu-item menu-item-type-custom menu-item-object-custom\"><span>Instruction for Mathematics and Science in Primary and Lower Secondary Grades<\/span><\/a><\/li>\n<a href=\"http:\/\/timss2015.org\/encyclopedia\/countries\/france\/monitoring-student-progress-in-mathematics-and-science\/\" class=\"menu-link main-menu-link menu-item menu-item-type-custom menu-item-object-custom\"><span>Monitoring Student Progress in Mathematics and Science<\/span><\/a><\/li>\n<a href=\"http:\/\/timss2015.org\/encyclopedia\/countries\/france\/special-initiatives-in-mathematics-and-science-education\/\" class=\"menu-link main-menu-link menu-item menu-item-type-custom menu-item-object-custom\"><span>Special Initiatives in Mathematics and Science Education<\/span><\/a><\/li>\n<a href=\"http:\/\/timss2015.org\/encyclopedia\/countries\/france\/use-and-impact-of-timss\/\" class=\"menu-link main-menu-link menu-item menu-item-type-custom menu-item-object-custom\"><span>Use and Impact of TIMSS<\/span><\/a><\/li>\n<a href=\"http:\/\/timss2015.org\/encyclopedia\/countries\/france\/suggested-readings\/\" class=\"menu-link main-menu-link menu-item menu-item-type-custom menu-item-object-custom\"><span>Suggested Readings<\/span><\/a><\/li>\n<a href=\"http:\/\/timss2015.org\/encyclopedia\/countries\/france\/references\/\" class=\"menu-link main-menu-link menu-item menu-item-type-custom menu-item-object-custom\"><span>References<\/span><\/a><\/li>\n<\/div><\/div>\t<style>\n\t\t.carouselwrap{\n\t\t\tbackground: #e5eaef;\n\t\t}\t\t\n\t\t.owl-item a{\n\t\t\tbackground: #ffffff;\n\t\t\tborder: 4px #00b2cc solid;\n\t\t\tcolor: #000000;\n\t\t}\t\t\n\t\t.owl-item a:hover,\n\t\t.owl-item a:focus,\n\t\t.owl-item a.current-menu-item{\n\t\t\tbackground: #00667f;\n\t\t\tborder: 4px #00b2cc solid;\n\t\t\t\n\t\t\tcolor: #ffffff;\n\t\t}\n\t<\/style>\n\t\n<h2>Suggested Readings<\/h2>\n<p>Minist\u00e8re de l\u2019\u00c9ducation nationale, Direction de l\u2019Evaluation de la Prospective et de la Performance. (2015). <em>Rep\u00e8res et r\u00e9f\u00e9rences statistiques sur les enseignements, la formation et la recherche<\/em> [Statistical references on education, formation and research]. Retrieved from <a href=\"http:\/\/cache.media.enseignementsup-recherche.gouv.fr\/file\/2015\/90\/7\/rers_2015_457907.pdf\" target=\"_blank\">http:\/\/cache.media.enseignementsup-recherche.gouv.fr\/file\/2015\/90\/7\/rers_2015_457907.pdf<\/a><br \/>\nThis volume presents all statistical information available on the French educational and research system, compiled around 200 themes. This vast data set contributes to and supports debate on the functioning and the results of French schools.<\/p>\n<p>Minist\u00e8re de l\u2019\u00c9ducation nationale, Direction de l\u2019Evaluation de la Prospective et de la Performance. (2015). <em>L\u2019\u00e9tat de l\u2019\u00e9cole, Co\u00fbts, Activit\u00e9s, R\u00e9sultats Comparaisons internationales (30 indicateurs)<\/em> [The state of education, costs, activities, results\u201430 indicators on the French education system]. Retrieved from <a href=\"http:\/\/cache.media.education.gouv.fr\/file\/etat25\/48\/1\/depp-etat-ecole-2015_484481.pdf\" target=\"_blank\">http:\/\/cache.media.education.gouv.fr\/file\/etat25\/48\/1\/depp-etat-ecole-2015_484481.pdf<\/a><br \/>\nThe 2014 edition of this book is freely available to download in English as The state of education, costs, activities, results\u201432 indicators on the French education system at\u00a0<a href=\"http:\/\/cache.media.education.gouv.fr\/file\/etat24\/44\/1\/DEPP_EE_2014_anglais_425441.pdf\" target=\"_blank\">http:\/\/cache.media.education.gouv.fr\/file\/etat24\/44\/1\/DEPP_EE_2014_anglais_425441.pdf<\/a> Gathered in 32 statistical indicators, this 24<sup>th<\/sup> edition of <em>The State of Education<\/em> proposes a synthetic analysis of the costs, activities, and results of the French educational system. Illustrating the compelling questions of French schools, this volume observes school evolution in light of international comparisons.<\/p>\n<p>Minist\u00e8re de l\u2019\u00c9ducation nationale, Direction de l\u2019\u00e9valuation de la Prospective et de la Performance. (2014). <em>G\u00e9ographie de l\u2019\u00e9cole<\/em> [Education geography]. Retrieved from <a href=\"http:\/\/cache.media.education.gouv.fr\/file\/geo11\/87\/3\/DEPP_GEO_2014_334873.pdf\" target=\"_blank\">http:\/\/cache.media.education.gouv.fr\/file\/geo11\/87\/3\/DEPP_GEO_2014_334873.pdf<\/a><br \/>\nThis publication aims at locating geographical disparities within\u00a0the French educational system. More than 30\u00a0years after the first laws of decentralization, this volume describes the variety of educational contexts within French national territory, and situates current transformations within a historical framework.<\/p>\n","protected":false},"excerpt":{"rendered":"<p>Suggested Readings Minist\u00e8re de l\u2019\u00c9ducation nationale, Direction de l\u2019Evaluation de la Prospective et de la Performance. (2015). Rep\u00e8res et r\u00e9f\u00e9rences statistiques sur les enseignements, la formation et la recherche [Statistical references on education, formation and research]. Retrieved from http:\/\/cache.media.enseignementsup-recherche.gouv.fr\/file\/2015\/90\/7\/rers_2015_457907.pdf This &hellip; <a href=\"http:\/\/timss2015.org\/encyclopedia\/countries\/france\/suggested-readings\/\">Continued<\/a><\/p>\n","protected":false},"author":1,"featured_media":0,"parent":135,"menu_order":7,"comment_status":"closed","ping_status":"closed","template":"","meta":{"footnotes":""},"class_list":["post-739","page","type-page","status-publish","hentry"],"_links":{"self":[{"href":"http:\/\/timss2015.org\/encyclopedia\/wp-json\/wp\/v2\/pages\/739","targetHints":{"allow":["GET"]}}],"collection":[{"href":"http:\/\/timss2015.org\/encyclopedia\/wp-json\/wp\/v2\/pages"}],"about":[{"href":"http:\/\/timss2015.org\/encyclopedia\/wp-json\/wp\/v2\/types\/page"}],"author":[{"embeddable":true,"href":"http:\/\/timss2015.org\/encyclopedia\/wp-json\/wp\/v2\/users\/1"}],"replies":[{"embeddable":true,"href":"http:\/\/timss2015.org\/encyclopedia\/wp-json\/wp\/v2\/comments?post=739"}],"version-history":[{"count":9,"href":"http:\/\/timss2015.org\/encyclopedia\/wp-json\/wp\/v2\/pages\/739\/revisions"}],"predecessor-version":[{"id":6449,"href":"http:\/\/timss2015.org\/encyclopedia\/wp-json\/wp\/v2\/pages\/739\/revisions\/6449"}],"up":[{"embeddable":true,"href":"http:\/\/timss2015.org\/encyclopedia\/wp-json\/wp\/v2\/pages\/135"}],"wp:attachment":[{"href":"http:\/\/timss2015.org\/encyclopedia\/wp-json\/wp\/v2\/media?parent=739"}],"curies":[{"name":"wp","href":"https:\/\/api.w.org\/{rel}","templated":true}]}}